{"id":221,"date":"2022-06-17T10:27:32","date_gmt":"2022-06-17T08:27:32","guid":{"rendered":"https:\/\/www.sagax.sk\/?page_id=221"},"modified":"2022-09-27T14:51:35","modified_gmt":"2022-09-27T12:51:35","slug":"informacna-povinnost-prevadzkovatela","status":"publish","type":"page","link":"https:\/\/www.sagax.sk\/hu\/informacna-povinnost-prevadzkovatela\/","title":{"rendered":"T\u00e1j\u00e9koztat\u00e1si k\u00f6telezetts\u00e9ge az \u00fczemeltet\u0151"},"content":{"rendered":"<p><strong>T\u00c1J\u00c9KOZTAT\u00c1SI K\u00d6TELEZETTS\u00c9GE AZ \u00dcZEMELTET\u0150<\/strong><\/p>\n\n\n\n<p><strong>\u00e9rtelm\u00e9ben a Rendelet az Eur\u00f3pai parlament, illetve a Tan\u00e1cs (EU) 2016\/679 27. \u00c1prilis 2016-a v\u00e9delem a term\u00e9szetes szem\u00e9lyek tekintet\u00e9ben, a szem\u00e9lyes adatok, illetve a szabad mozg\u00e1s az ilyen adatok, illetve hat\u00e1lyon k\u00edv\u00fcl helyez\u00e9s\u00e9r\u0151l sz\u00f3l\u00f3 95\/46\/EK ir\u00e1nyelv (\u00e1ltal\u00e1nos rendelet, a szem\u00e9lyes adatok v\u00e9delme) (a tov\u00e1bbiakban: &#034;GDPR&#034;), valamint a t\u00f6rv\u00e9ny. 18\/2018 Coll. a szem\u00e9lyes adatok v\u00e9delme, valamint a m\u00f3dos\u00edt\u00e1st, hogy bizonyos t\u00f6rv\u00e9nyek (a tov\u00e1bbiakban: &#034;T\u00f6rv\u00e9ny&#034;).<\/strong><\/p>\n\n\n\n<p>A mag\u00e1n\u00e9let, a betegek, az alv\u00e1llalkoz\u00f3k vagy m\u00e1s szem\u00e9lyek, nagyon fontos sz\u00e1munkra. Ez okb\u00f3l a folyamatokat a szem\u00e9lyes adatok feldolgoz\u00e1sa folyamatos elemz\u00e9se, valamint annak biztos\u00edt\u00e1sa, hogy azok megfelelnek a rendelet a GDPR pedig a T\u00f6rv\u00e9ny. \u00cdgy lesz t\u00e1j\u00e9koztatni a m\u00f3don, kifejez\u00e9sek feldolgoz\u00e1sa A szem\u00e9lyes adatok, valamint A jogok, amelyek vele kapcsolatban.<\/p>\n\n\n\n<p><strong>1. Mi az el\u00e9rhet\u0151s\u00e9gi adatokat?<\/strong><\/p>\n\n\n\n<p>Alkalmaz\u00e1s\u00e1hoz minden A jogok v\u00e9delm\u00e9re vonatkoz\u00f3 szem\u00e9lyes adatokat, k\u00e9rj\u00fck, adja meg a kapcsolatfelv\u00e9teli adatait:<\/p>\n\n\n\n<p><strong>Nev\u00e9t, c\u00edm\u00e9t, az \u00fczemeltet\u0151:<\/strong><\/p>\n\n\n\n<p><strong>A sagax c\u00e9g, kft., I\u010cO: 36 244 589, a F\u0151 58A, Duna Streda 929 01, bejegyzett, a c\u00e9gnyilv\u00e1ntart\u00e1s, a Ker\u00fcleti b\u00edr\u00f3s\u00e1g Trnava, r\u00e9szleg: sro, helyezze be no.: 12901\/T<\/strong>.<\/p>\n\n\n\n<p>Ha k\u00e9rd\u00e9se van az \u00f6n sz\u00e1m\u00e1ra ebben a t\u00e1j\u00e9koztat\u00e1si k\u00f6telezetts\u00e9ge az \u00fczemeltet\u0151 nem tal\u00e1lja a v\u00e1laszt, vagy ha szeretn\u00e9l t\u00f6bb inform\u00e1ci\u00f3t b\u00e1rmely ezeket a pontokat, vagy szeretn\u00e9d, hogy gyakorolja A jogot, hogy a szem\u00e9lyes adatok v\u00e9delme, ne habozzon kapcsolatba l\u00e9pni vel\u00fcnk.<\/p>\n\n\n\n<p><strong><u>Felel\u0151s szem\u00e9ly:<\/u><\/strong><\/p>\n\n\n\n<p><strong>Jogi. Hodosi Zsolt, \u00fcgyv\u00e9d<\/strong><\/p>\n\n\n\n<p>alap\u00fa Ve\u013ekoblahovsk\u00e1 6750, 929 01 Duna Streda<\/p>\n\n\n\n<p>e-mail: <a href=\"mailto:zodpovednaosoba@sagax.sk\">zodpovednaosoba@sagax.sk<\/a><\/p>\n\n\n\n<ul class=\"wp-block-list\"><li><strong>Mi\u00e9rt gy\u0171jt\u00fcnk szem\u00e9lyes adatokat?<\/strong><\/li><\/ul>\n\n\n\n<p>A szem\u00e9lyes adatok a buli elengedhetetlen, k\u00fcl\u00f6n\u00f6sen \u00fagy, hogy tudjuk:<\/p>\n\n\n\n<ul class=\"wp-block-list\"><li>hogy mi a szolg\u00e1ltat\u00e1sokat a betegek, vagy elv\u00e9gezni a kereskedelmi tev\u00e9kenys\u00e9g;<\/li><li>hogy megfeleljen a k\u00fcl\u00f6nb\u00f6z\u0151 jogszab\u00e1lyi, illetve szerz\u0151d\u00e9ses k\u00f6telezetts\u00e9gek; valamint<\/li><li>megv\u00e9deni a jogos \u00e9rdekeit, az usa, az \u00fcgyfelek, illetve egy\u00e9b szem\u00e9lyek.<\/li><\/ul>\n\n\n\n<p><strong>3. Mi az a hat\u00e1lya, c\u00e9lja, illetve jogalapja a feldolgoz\u00e1s a szem\u00e9lyes adatokat?<\/strong><\/p>\n\n\n\n<p>Ezen a m\u00f3don szeretn\u00e9nk t\u00e1j\u00e9koztatni, hogy-amint az \u00fczemeltet\u0151 \u00fagy tartjuk, hogy kiz\u00e1r\u00f3lag A k\u00f6vetkez\u0151 kateg\u00f3ri\u00e1k szem\u00e9lyes adatait a k\u00f6vetkez\u0151 c\u00e9lokra alapj\u00e1n a k\u00f6vetkez\u0151 jogalapok:<\/p>\n\n\n\n<figure class=\"wp-block-table\"><table><tbody><tr><td><strong>C\u00e9l<\/strong><\/td><td><strong>A jogalap keret\u00e9ben a GDPR <\/strong><strong><\/strong><\/td><td><strong>Kapcsol\u00f3d\u00f3 jogszab\u00e1lyok <\/strong><strong><\/strong><\/td><\/tr><tr><td>a teljes\u00edt\u00e9s a szerz\u0151d\u00e9ses vagy egy\u00e9b szerz\u0151d\u00e9ses k\u00f6telezetts\u00e9gek<\/td><td>a szerz\u0151d\u00e9s teljes\u00edt\u00e9se &nbsp;<\/td><td>A polg\u00e1ri t\u00f6rv\u00e9nyk\u00f6nyv, a Kereskedelmi t\u00f6rv\u00e9nyk\u00f6nyv,<\/td><\/tr><tr><td>tal\u00e1lkozunk jogi k\u00f6telezetts\u00e9gek<\/td><td>az el\u0151ad\u00e1s a jogi k\u00f6telezetts\u00e9gek az \u00fczemeltet\u0151<\/td><td>A polg\u00e1ri t\u00f6rv\u00e9nyk\u00f6nyv, a t\u00f6rv\u00e9ny a fogyaszt\u00f3k v\u00e9delm\u00e9r\u0151l sz\u00f3l\u00f3, a t\u00f6rv\u00e9ny az eg\u00e9szs\u00e9g\u00fcgyr\u0151l<\/td><\/tr><tr><td>a k\u00e9relmet a t\u00f6rv\u00e9nyes jogok v\u00e9delm\u00e9ben t\u00f6rv\u00e9nyes \u00e9rdekeit<\/td><td>jogos \u00e9rdek<\/td><td>Polg\u00e1ri t\u00f6rv\u00e9nyk\u00f6nyv, Kereskedelmi t\u00f6rv\u00e9nyk\u00f6nyv, Polg\u00e1ri sporov\u00fd az elj\u00e1r\u00e1s b\u00fcntet\u0151elj\u00e1r\u00e1si<\/td><\/tr><tr><td>val\u00f3 megfelel\u00e9s biztos\u00edt\u00e1sa \u00e9rdek\u00e9ben a jogszab\u00e1lyok a<\/td><td>a teljes\u00edtm\u00e9ny jogi k\u00f6telezetts\u00e9ge, a k\u00f6z\u00e9rdek\u0171 &nbsp; &nbsp;<\/td><td>A t\u00f6rv\u00e9ny elleni v\u00e9delem mossa a p\u00e9nzt a b\u0171ncselekm\u00e9nyt &nbsp;<\/td><\/tr><tr><td>statisztik\u00e1k, archiv\u00e1l\u00e1si c\u00e9lokra a k\u00f6z \u00e9rdek\u00e9ben a c\u00e9lb\u00f3l, hogy a t\u00f6rt\u00e9nelmi, mind tudom\u00e1nyos kutat\u00e1s<\/td><td>k\u00f6z\u00e9rdek, hogy a teljes\u00edtm\u00e9ny\u00e9t jogi k\u00f6telezetts\u00e9geivel<\/td><td>a t\u00f6rv\u00e9ny a lev\u00e9lt\u00e1rban registrat\u00farach, a t\u00f6rv\u00e9ny az \u00e1llami statisztik\u00e1k<\/td><\/tr><tr><td>a pontoss\u00e1g, a sz\u00e1mviteli, illetve ad\u00f3z\u00e1si menetrend<\/td><td>a teljes\u00edtm\u00e9ny jogi k\u00f6telezetts\u00e9g<\/td><td>a j\u00f6vedelemad\u00f3r\u00f3l sz\u00f3l\u00f3 t\u00f6rv\u00e9ny, a sz\u00e1mviteli t\u00f6rv\u00e9ny<\/td><\/tr><tr><td>hogy a bels\u0151 feljegyz\u00e9sek a r\u00e9szv\u00e9nyesek<\/td><td>a teljes\u00edtm\u00e9ny jogi k\u00f6telezetts\u00e9g<\/td><td>Kereskedelmi t\u00f6rv\u00e9nyk\u00f6nyv<\/td><\/tr><tr><td>menedzsment a szem\u00e9lyzet, b\u00e9rsz\u00e1mfejt\u00e9s napirend a napirend biztos\u00edt\u00e1si j\u00e1rul\u00e9k<\/td><td>a teljes\u00edtm\u00e9ny jogi k\u00f6telezetts\u00e9g<\/td><td>A munka t\u00f6rv\u00e9nyk\u00f6nyve, a t\u00f6rv\u00e9ny a t\u00e1rsadalombiztos\u00edt\u00e1sr\u00f3l, a jog, eg\u00e9szs\u00e9g\u00fcgyi biztos\u00edt\u00e1s<\/td><\/tr><tr><td>az eg\u00e9szs\u00e9g\u00fcgyi ell\u00e1t\u00e1s ny\u00fajt\u00e1s\u00e1ra<\/td><td>a szerz\u0151d\u00e9s teljes\u00edt\u00e9se<\/td><td>a t\u00f6rv\u00e9ny az eg\u00e9szs\u00e9g\u00fcgyr\u0151l<\/td><\/tr><tr><td>\u00e9rt\u00e9kes\u00edt\u00e9s t\u00e1mogat\u00f3<\/td><td>az \u00e9rintett szem\u00e9ly hozz\u00e1j\u00e1rul\u00e1sa<\/td><td>&nbsp;&nbsp;&nbsp; Polg\u00e1ri t\u00f6rv\u00e9nyk\u00f6nyv<\/td><td>&nbsp;<\/td><\/tr><tr><td>&nbsp; <strong><em>A szem\u00e9lyes adatainak feldolgoz\u00e1s\u00e1val, ellen\u0151rizz\u00fck a jogos \u00e9rdekeit:<\/em><\/strong> a k\u00e9relmet a t\u00f6rv\u00e9nyes jogokat, v\u00e9di a saj\u00e1t jogos \u00e9rdekeit polg\u00e1ri peres elj\u00e1r\u00e1s, k\u00f6zigazgat\u00e1si elj\u00e1r\u00e1sban, illetve b\u00fcntet\u0151 elj\u00e1r\u00e1s &nbsp; &nbsp;<\/td><\/tr><tr><td><\/td><td><\/td><td><\/td><td><\/td><td><\/td><td><\/td><\/tr><\/tbody><\/table><\/figure>\n\n\n\n<p><strong>4. Kinek A szem\u00e9lyes adatokat kell megadni?<\/strong><\/p>\n\n\n\n<p>A szem\u00e9lyes adatokat a betegek, az alv\u00e1llalkoz\u00f3k vagy m\u00e1s szem\u00e9lyek v\u00e9dj\u00fck, ezek nespr\u00edstup\u0148ujeme vagy k\u00f6zz\u00e9, harmadik szem\u00e9lyek vagy szervezetek, kiv\u00e9ve a felel\u0151s szem\u00e9lyek a gazd\u00e1lkod\u00e1si, sz\u00e1mviteli, informatikai infrastrukt\u00fara, jogi szolg\u00e1ltat\u00e1sokat, ez\u00e9rt kell tekinteni, a kedvezm\u00e9nyezett \u00e9rtelm\u00e9ben a GDPR. A v\u00e1logatott partnereinkkel v\u00e9gezz\u00fck el, t\u00f6bbek k\u00f6z\u00f6tt a tekintetben, hogy a garancia a megb\u00edzhat\u00f3s\u00e1g, szakmai \u00e9rdekel, hogy a szem\u00e9lyes adatok feldolgoz\u00e1sa \u00fcgyfeleink, ahol ezek az entit\u00e1sok vagyunk elk\u00f6telezettek, valamint titoktart\u00e1si k\u00f6telezetts\u00e9get, megfelel\u0151 m\u0171szaki \u00e9s szervezeti int\u00e9zked\u00e9st annak \u00e9rdek\u00e9ben, hogy a szem\u00e9lyes adatok feldolgoz\u00e1sa megfelel-e a k\u00f6vetelm\u00e9nyeknek, a GDPR pedig a T\u00f6rv\u00e9ny. Abban az esetben, ha ilyen k\u00f6telezetts\u00e9g k\u00f6vetkezt\u00e9ben a cselekm\u00e9ny vagy a hat\u00e1rozat a k\u00f6zbeszerz\u00e9si hat\u00f3s\u00e1g A szem\u00e9lyes adatokat a hat\u00f3s\u00e1gok, vagy m\u00e1s szervek, p\u00e9ld\u00e1ul: eg\u00e9szs\u00e9g\u00fcgyi biztos\u00edt\u00f3 t\u00e1rsas\u00e1gok, ad\u00f3\u00fcgyi hat\u00f3s\u00e1gok, \u00e1llami szervek, illetve a hat\u00f3s\u00e1gok, a b\u00edr\u00f3s\u00e1gok, a b\u0171n\u00fcld\u00f6z\u0151 hat\u00f3s\u00e1gok, illetve egy\u00e9b szervek, amelyek a szem\u00e9lyes adatok t\u00f6rv\u00e9ny \u00e1ltal (p\u00e9ld\u00e1ul az ellen\u0151rz\u0151 hat\u00f3s\u00e1gok).<\/p>\n\n\n\n<p>K\u00f6telesek vagyunk, hogy kik\u00fcsz\u00f6b\u00f6lj\u00e9k b\u0171n\u00f6z\u0151, m\u00e1sr\u00e9szt az inform\u00e1ci\u00f3k k\u00f6zl\u00e9s\u00e9re vonatkoz\u00f3 k\u00f6telezetts\u00e9g a p\u00e1ly\u00e1n a megel\u0151z\u00e9s k\u00edv\u00e1nja, p\u00e9nzmos\u00e1s, illetve a terrorizmus finansz\u00edroz\u00e1sa.<\/p>\n\n\n\n<p><strong>5. Szem\u00e9lyes adatait az Eur\u00f3pai uni\u00f3n k\u00edv\u00fcl?<\/strong><\/p>\n\n\n\n<p>Az \u00fczemeltet\u0151 \u00f6r\u00f6mmel t\u00e1j\u00e9koztatjuk \u00f6n\u00f6ket, hogy Az adatok nem ker\u00fclnek \u00e1t az Eur\u00f3pai uni\u00f3n k\u00edv\u00fcli, harmadik orsz\u00e1gokkal vagy nemzetk\u00f6zi szervezetekkel.<\/p>\n\n\n\n<p><strong>6. Ut\u00e1n mennyi ideig \u0151rizz\u00fck meg A szem\u00e9lyes adatokat?<\/strong><\/p>\n\n\n\n<p>A szem\u00e9lyes adatok ker\u00fcl megrendez\u00e9sre csak egy id\u0151 ut\u00e1n, ami ut\u00e1n sz\u00fcks\u00e9ges, hogy a c\u00e9lokra, amelyekre ker\u00fclnek feldolgoz\u00e1sra, pl. az orvosi dokument\u00e1ci\u00f3 sz\u00e1m\u00edtott 20 (h\u00fasz) \u00e9v az utols\u00f3 az eg\u00e9szs\u00e9g\u00fcgyi ell\u00e1t\u00e1sban \u00e9rintett szem\u00e9ly. Tekintettel a szem\u00e9lyes adatok feldolgoz\u00e1s\u00e1t, amennyiben sz\u00fcks\u00e9ges, az \u00e9rintett szem\u00e9ly hozz\u00e1j\u00e1rul\u00e1sa, tartjuk a szem\u00e9lyes adatok id\u0151szakra h\u00e1rom (3) \u00e9vig, egy\u00e9b esetekben id\u0151szak ut\u00e1n az le van \u00edrva az \u00e1g terv. Lej\u00e1rta ut\u00e1n a meg\u0151rz\u00e9si ideje a szem\u00e9lyes adatok biztos\u00edtunk, a t\u00f6rl\u00e9s vagy a anonimiz\u00e1l\u00f3, teljes m\u00e9rt\u00e9kben \u00f6sszhangban a GDPR.<\/p>\n\n\n\n<p><strong>7. Milyen jogok illetik meg ellen\u00fcnk a ter\u00fcleten a szem\u00e9lyes adatok v\u00e9delm\u00e9r\u0151l?<\/strong><\/p>\n\n\n\n<p>Mint az \u00e9rintett szem\u00e9ly Lesz a GDPR mer\u00fclnek fel, t\u00f6bb jogok, szeretn\u00e9nk erre felh\u00edvni a figyelmet, ez pedig:<\/p>\n\n\n\n<p><strong>7.1. A szem\u00e9lyes adatokhoz val\u00f3 hozz\u00e1f\u00e9r\u00e9s<\/strong><\/p>\n\n\n\n<p>Az igaz, t\u0151l\u00fcnk k\u00e9rjen meger\u0151s\u00edt\u00e9st, hogy kezelj\u00fck az \u00d6n szem\u00e9lyes adatait, valamint, ha igen, akkor a hozz\u00e1f\u00e9r\u00e9si joga a szem\u00e9lyes adatok, valamint az alapvet\u0151 inform\u00e1ci\u00f3kat a szem\u00e9lyes adatok. Erre a c\u00e9lra lehets\u00e9ges, hogy vegye fel vel\u00fcnk a kapcsolatot a kapcsolat felsorolt adatokat pontban, a &#034;Mit el\u00e9rhet\u0151s\u00e9geinket?&#034;.<\/p>\n\n\n\n<p><strong>7.2 a Jogot, hogy a korrekci\u00f3 \u00e9s\/vagy m\u00f3dos\u00edt\u00e1s\u00e1ra a szem\u00e9lyes adatok<\/strong><\/p>\n\n\n\n<p>\u00d6nnek joga van k\u00e9rni, hogy indokolatlan k\u00e9sedelem n\u00e9lk\u00fcl, hogy helyes helytelen az \u00d6n szem\u00e9lyes adatait, valamint a jogot, hogy kieg\u00e9sz\u00edtse hi\u00e1nyos szem\u00e9lyes adatok. Erre a c\u00e9lra lehets\u00e9ges, hogy vegye fel vel\u00fcnk a kapcsolatot a kapcsolat felsorolt adatokat pontban, a &#034;Mit el\u00e9rhet\u0151s\u00e9geinket?&#034;.<\/p>\n\n\n\n<p><strong>7.3 a Jogot, hogy a szem\u00e9lyes adatok t\u00f6rl\u00e9se<\/strong><\/p>\n\n\n\n<p>Az igaz, hogy a kereslet, az azonnali t\u00f6rl\u00e9sre A szem\u00e9lyes adatok, csak akkor, ha:<\/p>\n\n\n\n<p>\u2022 a szem\u00e9lyes adatok a tov\u00e1bbiakban m\u00e1r nincs sz\u00fcks\u00e9g arra a c\u00e9lra, amelyek gy\u0171jtenek vagy m\u00e1s m\u00f3don feldolgozott;<br>\u2022 te visszavonja hozz\u00e1j\u00e1rul\u00e1s\u00e1t, amely alapj\u00e1n a feldolgoz\u00e1st elv\u00e9gezni, ha nincs m\u00e1s jogi alapj\u00e1t a feldolgoz\u00e1s;<br>\u2022 namietate, hogy a feldolgoz\u00e1s, valamint a nepreva\u017euj\u00fa nincs t\u00f6rv\u00e9nyes alapja a feldolgoz\u00e1s;<br>\u2022 a szem\u00e9lyes adatok feldolgoz\u00e1sa jogellenesen;<br>\u2022 a szem\u00e9lyes adatot t\u00f6r\u00f6lni kell, hogy megfelelnek a vonatkoz\u00f3 jogi k\u00f6telezetts\u00e9g alapj\u00e1n az Eur\u00f3pai Uni\u00f3 joga, vagy a jog, hogy a tag\u00e1llam, amely a podliehame;<br>\u2022 a szem\u00e9lyes adatok kapott kapcsolatban, hogy az aj\u00e1nlat az inform\u00e1ci\u00f3s t\u00e1rsadalommal \u00f6sszef\u00fcgg\u0151 szolg\u00e1ltat\u00e1sok szerint a 8. cikk (1 GDPR.<\/p>\n\n\n\n<p>Erre a c\u00e9lra, l\u00e9pjen vel\u00fcnk kapcsolatba b\u00e1rmikor kereszt\u00fcl az el\u00e9rhet\u0151s\u00e9gi adatokat felsorolt pontban, a &#034;Mit el\u00e9rhet\u0151s\u00e9geinket.&#034;, azt\u00e1n \u00fagy tekintj\u00fck, hogy Az \u00f6n eset\u00e9ben nincsenek kiv\u00e9telek, amikor nem sz\u00fcks\u00e9ges t\u00f6r\u00f6lni Az adatokat, ha teljes\u00fcl a felt\u00e9tel, hogy a fent eml\u00edtett (pl. sz\u00fcks\u00e9ges-e, hogy a k\u00e9relmet a jogi k\u00f6vetel\u00e9sek).<\/p>\n\n\n\n<p><strong>7.4 a Jogot, hogy a korl\u00e1toz\u00e1s a szem\u00e9lyes adatok feldolgoz\u00e1sa<\/strong><\/p>\n\n\n\n<p>Az igaz, hogy korl\u00e1tozz\u00e1k Az adatok feldolgoz\u00e1sa (t.j. Az adatokat csak akkor t\u00e1rolja, de egy\u00e9bk\u00e9nt a nesprac\u00favali), ha:<\/p>\n\n\n\n<p>\u2022 \u00f6n \u00e1ltal kifog\u00e1solt, a pontoss\u00e1g, a szem\u00e9lyes adatok;<br>\u2022 a feldolgoz\u00e1s jogellenes Te namietate ellen a t\u00f6rl\u00e9sre a szem\u00e9lyes adatok, valamint a k\u00e9relmez\u0151 helyett a korl\u00e1toz\u00e1s a haszn\u00e1lat;<br>\u2022 m\u00e1r nincs sz\u00fcks\u00e9g\u00fcnk Az \u00f6n szem\u00e9lyes adatait a feldolgoz\u00e1s, de k\u00f6telezi \u0151ket arra, hogy igazolj\u00e1k az alkalmaz\u00e1s vagy megv\u00e9deni jogi k\u00f6vetel\u00e9sek;<br>\u2022 namietate feldolgoz\u00e1sa.<\/p>\n\n\n\n<p>Erre a c\u00e9lra, l\u00e9pjen vel\u00fcnk kapcsolatba b\u00e1rmikor kereszt\u00fcl az el\u00e9rhet\u0151s\u00e9gi adatokat felsorolt pontban, a &#034;Mit el\u00e9rhet\u0151s\u00e9geinket.&#034;, azt\u00e1n \u00fagy tekintj\u00fck, hogy Az \u00f6n eset\u00e9ben nincsenek kiv\u00e9telek, amikor lehets\u00e9ges, A feldolgozott szem\u00e9lyes adatok b\u00e1rmely m\u00e1s m\u00f3don, nem csak adatt\u00e1rol\u00f3.<\/p>\n\n\n\n<p><strong>7.5 a Jogot, hogy a t\u00e1rgy, hogy a szem\u00e9lyes adatok feldolgoz\u00e1sa<\/strong><\/p>\n\n\n\n<p>Joga van tiltakozni az ellen, a szem\u00e9lyes adatot, ha a jogalapot a szem\u00e9lyes adatok: (a) sz\u00fcks\u00e9ges, hogy a teljes\u00edtm\u00e9ny\u00e9t egy feladatot elv\u00e9gzett, a k\u00f6z\u00e9rdek vagy a k\u00f6zhatalom gyakorl\u00e1s\u00e1val, vagy (b) a feldolgoz\u00e1s c\u00e9lj\u00e1b\u00f3l sz\u00fcks\u00e9ges a jogos \u00e9rdek\u00e9nek \u00e9rv\u00e9nyes\u00edt\u00e9s\u00e9t a c\u00e9g, vagy harmadik f\u00e9l \u00e1ltal esetek kiv\u00e9tel\u00e9vel, amikor ilyen \u00e9rdekek fel\u00fclm\u00falj\u00e1k az \u00e9rdekeit, illetve alapvet\u0151 jogok \u00e9s szabads\u00e1gok te, amelyek el\u0151\u00edrj\u00e1k a szem\u00e9lyes adatok v\u00e9delme, k\u00fcl\u00f6n\u00f6sen, ha az a szem\u00e9ly, akit a gyermek. Abban az esetben, direkt marketing, mindig a jogot, hogy a t\u00e1rgy, hogy a szem\u00e9lyes adatok feldolgoz\u00e1sa. Erre a c\u00e9lra, l\u00e9pjen vel\u00fcnk kapcsolatba b\u00e1rmikor kereszt\u00fcl az el\u00e9rhet\u0151s\u00e9gi adatokat felsorolt pontban, a &#034;Mit el\u00e9rhet\u0151s\u00e9geinket?&#034;. A szem\u00e9lyes adatokat lehet feldolgozni, csak akkor, ha azt bizony\u00edtott\u00e1k, hogy a sz\u00fcks\u00e9ges t\u00f6rv\u00e9nyes alapon, a feldolgoz\u00e1s, amely fel\u00fclkerekedett, az \u00e9rdekek, jogok, szabads\u00e1gjogok, vagy okok miatt a bemutat\u00f3t, gyakorlat vagy megv\u00e9deni jogi k\u00f6vetel\u00e9sek.<\/p>\n\n\n\n<p><strong>7.6 a Jogot, hogy a hordozhat\u00f3s\u00e1g szem\u00e9lyes adatok<\/strong><\/p>\n\n\n\n<p>Ha a szem\u00e9lyes adatok v\u00e9grehajtott automatiz\u00e1lt eszk\u00f6z\u00f6kkel alapj\u00e1n A beleegyez\u00e9s\u00e9t, vagy a c\u00e9lb\u00f3l, hogy a szerz\u0151d\u00e9s v\u00e9grehajt\u00e1s\u00e1t, joga van ahhoz, hogy megkapja a vonatkoz\u00f3 szem\u00e9lyes adatok, amelyek az \u00f6n \u00e1ltal megadott nek\u00fcnk egy struktur\u00e1lt, gyakran haszn\u00e1lj\u00e1k a g\u00e9p \u00e1ltal olvashat\u00f3 form\u00e1tumban a jogot, hogy \u00e1t ezt az adatot, hogy egy m\u00e1sik szem\u00e9ly (a szolg\u00e1ltat\u00f3). Erre a c\u00e9lra, l\u00e9pjen vel\u00fcnk kapcsolatba b\u00e1rmikor kereszt\u00fcl az el\u00e9rhet\u0151s\u00e9gi adatokat felsorolt pontban, a &#034;Mit el\u00e9rhet\u0151s\u00e9geinket?&#034;.<\/p>\n\n\n\n<p><strong>7.7 a Jogot, hogy b\u00e1rmikor visszavonhatja a beleegyez\u00e9s\u00e9t, hogy a feldolgoz\u00e1sa a szem\u00e9lyes adatok<\/strong><\/p>\n\n\n\n<p>V\u00e9g\u00fcl, de nem utols\u00f3sorban, joga van b\u00e1rmikor visszavonhatja A beleegyez\u00e9s\u00e9t adta ahhoz, hogy a szem\u00e9lyes adatok feldolgoz\u00e1s\u00e1ra vonatkoz\u00f3 Neked. A hozz\u00e1j\u00e1rul\u00e1s visszavon\u00e1sa nem \u00e9rinti a jogszer\u0171s\u00e9g\u00e9t az adatkezel\u00e9s hozz\u00e1j\u00e1rul\u00e1son alapul\u00f3, miel\u0151tt a visszavon\u00e1s. Erre a c\u00e9lra, l\u00e9pjen vel\u00fcnk kapcsolatba b\u00e1rmikor kereszt\u00fcl az el\u00e9rhet\u0151s\u00e9gi adatokat felsorolt pontban, a &#034;Mit el\u00e9rhet\u0151s\u00e9geinket?&#034;.<\/p>\n\n\n\n<p><strong>7.8 Jogot, hogy a panaszt, hogy a fel\u00fcgyeleti hat\u00f3s\u00e1g<\/strong><\/p>\n\n\n\n<p>\u00cdgy egyszerre, t\u00e1j\u00e9koztatjuk, hogy abban az esetben, ha figyelembe vessz\u00fck, hogy megs\u00e9rtett\u00e9k a jogait, term\u00e9szetes szem\u00e9lyek tekintet\u00e9ben a szem\u00e9lyes adatok vagy a megs\u00e9rt\u00e9se a rendelet a GDPR, akkor a f\u00e1jl egy pet\u00edci\u00f3t az elj\u00e1r\u00e1s megind\u00edt\u00e1s\u00e1t a szem\u00e9lyes adatok v\u00e9delm\u00e9hez, valamint a Hivatal a szem\u00e9lyes adatok v\u00e9delme, a szlov\u00e1k k\u00f6zt\u00e1rsas\u00e1g. A minta tervezetet tett k\u00f6zz\u00e9 a honlapj\u00e1n a Hivatal a szem\u00e9lyes adatok v\u00e9delme, a szlov\u00e1k k\u00f6zt\u00e1rsas\u00e1g, www.dataprotection.gov.sk.<\/p>\n\n\n\n<p><strong>8. \u00d6n k\u00f6teles gondoskodni A szem\u00e9lyes adatok?<\/strong><\/p>\n\n\n\n<p>A rendelkez\u00e9s a szem\u00e9lyes adatok alkalmaz\u00e1s\u00e1ban az eg\u00e9szs\u00e9g\u00fcgyi ell\u00e1t\u00e1s biztos\u00edt\u00e1sa nem a jogi k\u00f6telezetts\u00e9g az \u00e9rintett szem\u00e9ly, de abban az esetben nem adja meg szem\u00e9lyes adatait, akkor nem szerepl\u0151 k\u00e9pes, hogy megfelel\u0151 orvosi ell\u00e1t\u00e1st biztos\u00edtani. Ugyanez a k\u00f6vetkeztet\u00e9s is vonatkozik a rendelkez\u00e9s a szem\u00e9lyes adatok egy\u00e9b esetekben.<\/p>\n\n\n\n<p><strong>9. Gy\u0171jt\u00fcnk szem\u00e9lyes adatokat m\u00e1s forr\u00e1sb\u00f3l, mint Te?<\/strong><\/p>\n\n\n\n<p>A szem\u00e9lyes adatokat gy\u0171jt\u00fcnk, gyere kifejezetten sz\u00e1rmaz\u00f3 vagy nyilv\u00e1nosan el\u00e9rhet\u0151 forr\u00e1sokb\u00f3l sz\u00e1rmaznak.<\/p>\n\n\n\n<p><strong>10. Elv\u00e9gezz\u00fck az automatiz\u00e1lt d\u00f6nt\u00e9shozatal, bele\u00e9rtve a profilalkot\u00e1s?<\/strong><\/p>\n\n\n\n<p>Nevyd\u00e1vame semmilyen d\u00f6nt\u00e9st, ami lett volna, amely kiz\u00e1r\u00f3lag az automatiz\u00e1lt feldolgoz\u00e1s, bele\u00e9rtve a beidegz\u0151d\u00e9s, hogy kell a jogi hat\u00e1sok, ami Maga az \u00e9rintett, vagy jelent\u0151sen befoly\u00e1solja.<\/p>","protected":false},"excerpt":{"rendered":"<p>INFORMA\u010cN\u00c1 POVINNOS\u0164 PREV\u00c1DZKOVATE\u013dA v&nbsp;zmysle Nariadenia Eur\u00f3pskeho parlamentu a Rady (E\u00da) 2016\/679 z 27. apr\u00edla 2016 o ochrane fyzick\u00fdch os\u00f4b pri sprac\u00favan\u00ed osobn\u00fdch \u00fadajov a o vo\u013enom<span class=\"excerpt-hellip\"> [\u2026]<\/span><\/p>","protected":false},"author":1,"featured_media":0,"parent":0,"menu_order":0,"comment_status":"closed","ping_status":"closed","template":"","meta":{"footnotes":""},"class_list":["post-221","page","type-page","status-publish","hentry"],"yoast_head":"<!-- This site is optimized with the Yoast SEO plugin v19.1 - https:\/\/yoast.com\/wordpress\/plugins\/seo\/ -->\n<title>Informa\u010dn\u00e1 povinnos\u0165 prev\u00e1dzkovate\u013ea - SAGAX Klinika<\/title>\n<meta name=\"robots\" content=\"index, follow, max-snippet:-1, max-image-preview:large, max-video-preview:-1\" \/>\n<link rel=\"canonical\" href=\"https:\/\/www.sagax.sk\/hu\/informacna-povinnost-prevadzkovatela\/\" \/>\n<meta property=\"og:locale\" content=\"hu_HU\" \/>\n<meta property=\"og:type\" content=\"article\" \/>\n<meta property=\"og:title\" content=\"Informa\u010dn\u00e1 povinnos\u0165 prev\u00e1dzkovate\u013ea - SAGAX Klinika\" \/>\n<meta property=\"og:description\" content=\"INFORMA\u010cN\u00c1 POVINNOS\u0164 PREV\u00c1DZKOVATE\u013dA v&nbsp;zmysle Nariadenia Eur\u00f3pskeho parlamentu a Rady (E\u00da) 2016\/679 z 27. apr\u00edla 2016 o ochrane fyzick\u00fdch os\u00f4b pri sprac\u00favan\u00ed osobn\u00fdch \u00fadajov a o vo\u013enom [\u2026]\" \/>\n<meta property=\"og:url\" content=\"https:\/\/www.sagax.sk\/hu\/informacna-povinnost-prevadzkovatela\/\" \/>\n<meta property=\"og:site_name\" content=\"SAGAX Klinika\" \/>\n<meta property=\"article:modified_time\" content=\"2022-09-27T12:51:35+00:00\" \/>\n<meta name=\"twitter:card\" content=\"summary_large_image\" \/>\n<meta name=\"twitter:label1\" content=\"Becs\u00fclt olvas\u00e1si id\u0151\" \/>\n\t<meta name=\"twitter:data1\" content=\"10 perc\" \/>\n<script type=\"application\/ld+json\" class=\"yoast-schema-graph\">{\"@context\":\"https:\/\/schema.org\",\"@graph\":[{\"@type\":\"WebSite\",\"@id\":\"https:\/\/www.sagax.sk\/#website\",\"url\":\"https:\/\/www.sagax.sk\/\",\"name\":\"SAGAX Klinika\",\"description\":\"Modern\u00e1 zdravotn\u00edcka klinika v Dunajskej Strede\",\"potentialAction\":[{\"@type\":\"SearchAction\",\"target\":{\"@type\":\"EntryPoint\",\"urlTemplate\":\"https:\/\/www.sagax.sk\/?s={search_term_string}\"},\"query-input\":\"required name=search_term_string\"}],\"inLanguage\":\"hu\"},{\"@type\":\"WebPage\",\"@id\":\"https:\/\/www.sagax.sk\/informacna-povinnost-prevadzkovatela\/#webpage\",\"url\":\"https:\/\/www.sagax.sk\/informacna-povinnost-prevadzkovatela\/\",\"name\":\"Informa\u010dn\u00e1 povinnos\u0165 prev\u00e1dzkovate\u013ea - SAGAX Klinika\",\"isPartOf\":{\"@id\":\"https:\/\/www.sagax.sk\/#website\"},\"datePublished\":\"2022-06-17T08:27:32+00:00\",\"dateModified\":\"2022-09-27T12:51:35+00:00\",\"breadcrumb\":{\"@id\":\"https:\/\/www.sagax.sk\/informacna-povinnost-prevadzkovatela\/#breadcrumb\"},\"inLanguage\":\"hu\",\"potentialAction\":[{\"@type\":\"ReadAction\",\"target\":[\"https:\/\/www.sagax.sk\/informacna-povinnost-prevadzkovatela\/\"]}]},{\"@type\":\"BreadcrumbList\",\"@id\":\"https:\/\/www.sagax.sk\/informacna-povinnost-prevadzkovatela\/#breadcrumb\",\"itemListElement\":[{\"@type\":\"ListItem\",\"position\":1,\"name\":\"Home\",\"item\":\"https:\/\/www.sagax.sk\/\"},{\"@type\":\"ListItem\",\"position\":2,\"name\":\"Informa\u010dn\u00e1 povinnos\u0165 prev\u00e1dzkovate\u013ea\"}]}]}<\/script>\n<!-- \/ Yoast SEO plugin. -->","yoast_head_json":{"title":"Informa\u010dn\u00e1 povinnos\u0165 prev\u00e1dzkovate\u013ea - SAGAX Klinika","robots":{"index":"index","follow":"follow","max-snippet":"max-snippet:-1","max-image-preview":"max-image-preview:large","max-video-preview":"max-video-preview:-1"},"canonical":"https:\/\/www.sagax.sk\/hu\/informacna-povinnost-prevadzkovatela\/","og_locale":"hu_HU","og_type":"article","og_title":"Informa\u010dn\u00e1 povinnos\u0165 prev\u00e1dzkovate\u013ea - SAGAX Klinika","og_description":"INFORMA\u010cN\u00c1 POVINNOS\u0164 PREV\u00c1DZKOVATE\u013dA v&nbsp;zmysle Nariadenia Eur\u00f3pskeho parlamentu a Rady (E\u00da) 2016\/679 z 27. apr\u00edla 2016 o ochrane fyzick\u00fdch os\u00f4b pri sprac\u00favan\u00ed osobn\u00fdch \u00fadajov a o vo\u013enom [\u2026]","og_url":"https:\/\/www.sagax.sk\/hu\/informacna-povinnost-prevadzkovatela\/","og_site_name":"SAGAX Klinika","article_modified_time":"2022-09-27T12:51:35+00:00","twitter_card":"summary_large_image","twitter_misc":{"Becs\u00fclt olvas\u00e1si id\u0151":"10 perc"},"schema":{"@context":"https:\/\/schema.org","@graph":[{"@type":"WebSite","@id":"https:\/\/www.sagax.sk\/#website","url":"https:\/\/www.sagax.sk\/","name":"SAGAX Klinika","description":"Modern\u00e1 zdravotn\u00edcka klinika v Dunajskej Strede","potentialAction":[{"@type":"SearchAction","target":{"@type":"EntryPoint","urlTemplate":"https:\/\/www.sagax.sk\/?s={search_term_string}"},"query-input":"required name=search_term_string"}],"inLanguage":"hu"},{"@type":"WebPage","@id":"https:\/\/www.sagax.sk\/informacna-povinnost-prevadzkovatela\/#webpage","url":"https:\/\/www.sagax.sk\/informacna-povinnost-prevadzkovatela\/","name":"Informa\u010dn\u00e1 povinnos\u0165 prev\u00e1dzkovate\u013ea - SAGAX Klinika","isPartOf":{"@id":"https:\/\/www.sagax.sk\/#website"},"datePublished":"2022-06-17T08:27:32+00:00","dateModified":"2022-09-27T12:51:35+00:00","breadcrumb":{"@id":"https:\/\/www.sagax.sk\/informacna-povinnost-prevadzkovatela\/#breadcrumb"},"inLanguage":"hu","potentialAction":[{"@type":"ReadAction","target":["https:\/\/www.sagax.sk\/informacna-povinnost-prevadzkovatela\/"]}]},{"@type":"BreadcrumbList","@id":"https:\/\/www.sagax.sk\/informacna-povinnost-prevadzkovatela\/#breadcrumb","itemListElement":[{"@type":"ListItem","position":1,"name":"Home","item":"https:\/\/www.sagax.sk\/"},{"@type":"ListItem","position":2,"name":"Informa\u010dn\u00e1 povinnos\u0165 prev\u00e1dzkovate\u013ea"}]}]}},"_links":{"self":[{"href":"https:\/\/www.sagax.sk\/hu\/wp-json\/wp\/v2\/pages\/221","targetHints":{"allow":["GET"]}}],"collection":[{"href":"https:\/\/www.sagax.sk\/hu\/wp-json\/wp\/v2\/pages"}],"about":[{"href":"https:\/\/www.sagax.sk\/hu\/wp-json\/wp\/v2\/types\/page"}],"author":[{"embeddable":true,"href":"https:\/\/www.sagax.sk\/hu\/wp-json\/wp\/v2\/users\/1"}],"replies":[{"embeddable":true,"href":"https:\/\/www.sagax.sk\/hu\/wp-json\/wp\/v2\/comments?post=221"}],"version-history":[{"count":2,"href":"https:\/\/www.sagax.sk\/hu\/wp-json\/wp\/v2\/pages\/221\/revisions"}],"predecessor-version":[{"id":241,"href":"https:\/\/www.sagax.sk\/hu\/wp-json\/wp\/v2\/pages\/221\/revisions\/241"}],"wp:attachment":[{"href":"https:\/\/www.sagax.sk\/hu\/wp-json\/wp\/v2\/media?parent=221"}],"curies":[{"name":"wp","href":"https:\/\/api.w.org\/{rel}","templated":true}]}}